{"id":55924,"date":"2019-07-19T15:18:44","date_gmt":"2019-07-19T15:18:44","guid":{"rendered":"http:\/\/rcrsolution.com\/?page_id=55924"},"modified":"2019-07-19T15:36:30","modified_gmt":"2019-07-19T15:36:30","slug":"privacy-policy","status":"publish","type":"page","link":"https:\/\/rcrsolution.com\/index.php\/privacy-policy\/","title":{"rendered":"Privacy Policy"},"content":{"rendered":"\n<h2 class=\"wp-block-heading\">Who we are<\/h2>\n\n\n\n<p>Our website address is: http:\/\/rcrsolution.com.<\/p>\n\n\n\n<h2 class=\"wp-block-heading\">What personal data we collect and why we collect it<\/h2>\n\n\n\n<h3 class=\"wp-block-heading\">Comments<\/h3>\n\n\n\n<p>When visitors leave comments on the site we collect the data shown in the comments form, and also the visitor\u2019s IP address and browser user agent string to help spam detection.<\/p>\n\n\n\n<p>An anonymized string created from your email address (also called a hash) may be provided to the Gravatar service to see if you are using it. The Gravatar service privacy policy is available here: https:\/\/automattic.com\/privacy\/. After approval of your comment, your profile picture is visible to the public in the context of your comment.<\/p>\n\n\n\n<h3 class=\"wp-block-heading\">Media<\/h3>\n\n\n\n<p>If you upload images to the website, you should avoid uploading images with embedded location data (EXIF GPS) included. Visitors to the website can download and extract any location data from images on the website.<\/p>\n\n\n\n<h3 class=\"wp-block-heading\">Contact forms<\/h3>\n\n\n\n<h3 class=\"wp-block-heading\">Cookies<\/h3>\n\n\n\n<p>If you leave a comment on our site you may opt-in to saving your name, email address and website in cookies. These are for your convenience so that you do not have to fill in your details again when you leave another comment. These cookies will last for one year.<\/p>\n\n\n\n<p>If you visit our login page, we will set a temporary cookie to determine if your browser accepts cookies. This cookie contains no personal data and is discarded when you close your browser.<\/p>\n\n\n\n<p>When you log in, we will also set up several cookies to save your login information and your screen display choices. Login cookies last for two days, and screen options cookies last for a year. If you select &#8220;Remember Me&#8221;, your login will persist for two weeks. If you log out of your account, the login cookies will be removed.<\/p>\n\n\n\n<p>If you edit or publish an article, an additional cookie will be saved in your browser. This cookie includes no personal data and simply indicates the post ID of the article you just edited. It expires after 1 day.<\/p>\n\n\n\n<h3 class=\"wp-block-heading\">Embedded content from other websites<\/h3>\n\n\n\n<p>Articles on this site may include embedded content (e.g. videos, images, articles, etc.). Embedded content from other websites behaves in the exact same way as if the visitor has visited the other website.<\/p>\n\n\n\n<p>These websites may collect data about you, use cookies, embed additional third-party tracking, and monitor your interaction with that embedded content, including tracking your interaction with the embedded content if you have an account and are logged in to that website.<\/p>\n\n\n\n<h3 class=\"wp-block-heading\">Analytics<\/h3>\n\n\n\n<h2 class=\"wp-block-heading\">Who we share your data with<\/h2>\n\n\n\n<h2 class=\"wp-block-heading\">How long we retain your data<\/h2>\n\n\n\n<p>If you leave a comment, the comment and its metadata are retained indefinitely. This is so we can recognize and approve any follow-up comments automatically instead of holding them in a moderation queue.<\/p>\n\n\n\n<p>For users that register on our website (if any), we also store the personal information they provide in their user profile. All users can see, edit, or delete their personal information at any time (except they cannot change their username). Website administrators can also see and edit that information.<\/p>\n\n\n\n<h2 class=\"wp-block-heading\">What rights you have over your data<\/h2>\n\n\n\n<p>If you have an account on this site, or have left comments, you can request to receive an exported file of the personal data we hold about you, including any data you have provided to us. You can also request that we erase any personal data we hold about you. This does not include any data we are obliged to keep for administrative, legal, or security purposes.<\/p>\n\n\n\n<h2 class=\"wp-block-heading\">Where we send your data<\/h2>\n\n\n\n<p>Visitor comments may be checked through an automated spam detection service.<\/p>\n\n\n\n<h2 class=\"wp-block-heading\">Your contact information<\/h2>\n\n\n\n<h2 class=\"wp-block-heading\">Additional information<\/h2>\n\n\n\n<h3 class=\"wp-block-heading\">How we protect your data<\/h3>\n\n\n\n<h3 class=\"wp-block-heading\">What data breach procedures we have in place<\/h3>\n\n\n\n<h3 class=\"wp-block-heading\">What third parties we receive data from<\/h3>\n\n\n\n<h3 class=\"wp-block-heading\">What automated decision making and\/or profiling we do with user data<\/h3>\n\n\n\n<h3 class=\"wp-block-heading\">Industry regulatory disclosure requirements<\/h3>\n\n\n\n<p><\/p>\n\n\n\n<p>Informativa art.&nbsp;<strong>13 Reg.Ue 679\/16 e succ. mod. di legge<\/strong><\/p>\n\n\n\n<p><strong>Titolare dei trattamenti<\/strong><br>Il titolare dei trattamenti dei dati raccolti tramite questo sito \u00e8 RCRsolution SRL, con sede legale in Italia, Forl\u00ec, in via Mezzacosta n\u00b010: il titolare decide in modo autonomo sulle finalit\u00e0 e sulle modalit\u00e0 del trattamento, nonch\u00e9 sulle procedure di sicurezza da applicare per garantire la riservatezza, l\u2019integrit\u00e0 e la disponibilit\u00e0 dei dati.<\/p>\n\n\n\n<p><strong>Natura obbligatoria\/facoltativa del conferimento dei dati<\/strong><br>A) Il conferimento a RCRsolution SRL dei suoi dati personali, ( indirizzo email, numero di telefono), \u00e8 obbligatorio per consentire alla stessa di espletare il servizio richiesto, anche di fornirle informazioni da lei richieste.<\/p>\n\n\n\n<p><strong>Durata<\/strong>\u00a0Tali suoi dati verranno conservati per il tempo necessario ad evadere la sua richiesta di contatto per un periodo massimo di tre mesi.<br>L\u2019eventuale rifiuto a comunicare a RCRsolution SRL\u00a0\u00a0taluni tuoi dati contrassegnati come obbligatori rende impossibile il perseguimento della finalit\u00e0 principale della specifica raccolta.<\/p>\n\n\n\n<p><strong>I suoi diritti<\/strong><br>Ha sempre il diritto di ottenere da RCRsolution SRL la conferma del trattamento o meno di dati personali che la riguardano, anche se non ancora registrati, e la loro comunicazione in forma intelligibile.<br>Ha il diritto inoltre di ottenere da\u00a0\u00a0informazioni circa l\u2019origine dei tuoi dati personali; la finalit\u00e0 e la modalit\u00e0 del trattamento dei tuoi dati personali; la logica applicata in caso di trattamento effettuato con l\u2019ausilio di strumenti elettronici; gli estremi identificativi del titolare e dei responsabili del trattamento; l\u2019indicazione dei soggetti o delle categorie di soggetti ai quali i dati personali possono essere comunicati o che possono venirne a conoscenza in qualit\u00e0, ad esempio, di responsabili del trattamento. Tutte queste informazioni sono contenute in questa Privacy Policy.<br>Inoltre, ha sempre il diritto di ottenere<br>a) l\u2019aggiornamento, la rettificazione, l\u2019integrazione dei suoi dati personali;<br>b) la cancellazione, la trasformazione in forma anonima o il blocco dei suoi dati personali trattati in violazione di legge, compresi quelli di cui non \u00e8 necessaria la conservazione in relazione agli scopi per i quali i dati sono stati raccolti o successivamente trattati;<br>c) l\u2019attestazione che le operazioni di cui alle lettere a) e b) sono state portate a conoscenza, anche per quanto riguarda il loro contenuto, di coloro ai quali i dati sono stati comunicati o diffusi, eccettuato il caso in cui tale adempimento si rivela impossibile o comporta un impiego di mezzi manifestamente sproporzionato rispetto al diritto tutelato.<br>Ha, comunque, il diritto di opporsi in tutto o in parte:<br>a) per motivi legittimi, al trattamento dei dati personali che la riguardano, ancorch\u00e9 pertinenti allo scopo della raccolta.<br>Pu\u00f2 liberamente e in qualsiasi momento esercitare i suoi diritti, con richiesta scritta da inviarsi presso la sede legale della titolare.<br>Le segnaliamo altres\u00ec che il Garante con proprio provvedimento del 19 giugno 2008, in materia di semplificazioni di adempimenti rispetto a trattamenti per finalit\u00e0 amministrative e contabili, ha consentito che la titolare\u00a0\u00a0possa utilizzare il suo recapito postale per inviarle \u2013 insieme a documenti amministrativi e contabili \u2013 pubblicit\u00e0 relativa a prodotti analoghi a quelli che ha gi\u00e0 acquistato, a condizione che lei non rifiuti tale uso dell\u2019indirizzo postale rilasciato.<br>Quelle sin qui esposte sono le informazioni minime che\u00a0\u00a0RCRsolution SRL \u00e8 obbligata a fornirle: per qualsiasi approfondimento relativo al trattamento dei suoi dati personali, la invitiamo a scriverci all\u2019indirizzo email\u00a0info@a-plusautomation.com\u00a0.<\/p>\n\n\n\n<p><strong>La nostra privacy policy in sintesi<\/strong><br>I principi su cui si basa la nostra privacy policy sono i seguenti:<br>1. trattare i dati esclusivamente per le finalit\u00e0 e secondo le modalit\u00e0 illustrate nell\u2019informativa presentata all\u2019atto della loro raccolta;<br>2. utilizzare i dati per finalit\u00e0 ulteriori rispetto a quelle per le quali i dati sono stati specificamente rilasciati solo ove presente il consenso espresso dell\u2019utente;<br>3. rendere disponibili i dati a societ\u00e0 terze solo per fini strumentali all\u2019erogazione del servizio richiesto e nell\u2019ambito di una nomina a responsabile del trattamento; non comunicare i dati, cederli o trasferirli a soggetti terzi per trattamenti propri di questi ultimi senza che gli utenti ne siano stati previamente informati e abbiano concesso il loro consenso;<br>4. rispondere alle richieste di cancellazione, modifica, integrazione dei dati forniti, opposizione al trattamento dei dati per fini di invio di informazioni commerciali e pubblicitarie;<br>5. assicurare una corretta e lecita gestione dei dati, salvaguardando la privacy degli utenti, nonch\u00e9 applicare misure idonee di sicurezza a tutela della riservatezza, dell\u2019integrit\u00e0 e della disponibilit\u00e0 dei dati conferiti.<br>Nel trattamento dei dati che possono, direttamente o indirettamente, identificare la sua persona, cerchiamo di rispettare un principio di stretta necessit\u00e0.<br>Per questo motivo abbiamo configurato il sito in modo tale che l\u2019uso dei suoi dati personali sia ridotto al minimo: pertanto, \u00e8 escluso il trattamento dei tuoi dati quando le finalit\u00e0 perseguite nei singoli casi possono essere realizzate mediante l\u2019uso di dati anonimi (come, ad esempio, nelle ricerche di mercato finalizzate al miglioramento dei servizi) o mediante altre modalit\u00e0 che consentono di identificare l\u2019interessato solo in caso di necessit\u00e0 o su richiesta delle autorit\u00e0 e delle forze di polizia (come, ad esempio, per i dati relativi al traffico ed alla sua permanenza nel sito web o al suo indirizzo IP).<br>I suoi dati saranno comunicati a terzi soltanto con il tuo consenso espresso, salvo i casi in cui la comunicazione sia obbligatoria per legge o sia necessaria per finalit\u00e0 previste dalla legge per il perseguimento delle quali non sia richiesto il consenso dell\u2019interessato; in tali casi, i dati potranno essere resi disponibili a terzi soggetti che li tratteranno in modo autonomo e unicamente per le suddette finalit\u00e0 (ad esempio, nel caso di richiesta avanzata dalle forze di polizia o dalla magistratura o altri enti competenti oppure per eseguire obblighi derivanti dal contratto con te concluso).<br>Vi sono, peraltro, trattamenti per i quali la normativa prevede l\u2019esclusione del consenso: ad esempio, la informiamo che pu\u00f2 trattare i tuoi dati personali senza ottenere il suo consenso quando ci\u00f2 sia necessario per adempiere a un obbligo di legge ovvero quando sia necessario per dare esecuzione agli obblighi assunti contrattualmente nei suoi confronti (come nel caso in cui tu abbia acquistato prodotti ovvero abbia richiesto di usufruire di specifici servizi tramite il nostro sito).<br>La informiamo, infine, che i suoi dati personali non saranno trasferiti all\u2019estero verso Paesi, diversi da quelli appartenenti all\u2019Unione Europea, o extra ue che comunque non assicurino livelli di tutela delle persone adeguati. Nel caso ci\u00f2 fosse necessario per fornirle i servizi o per concludere un contratto con per l\u2019acquisto dei prodotti, le assicuriamo che il trasferimento dei tuoi dati personali verso i Paesi che non appartengono all\u2019Unione Europea e che non assicurano un adeguato livello di tutela saranno eseguiti solo previa conclusione tra e detti soggetti di specifici contratti in conformit\u00e0 alla legge e ai regolamenti applicabili.<br>La titolare&nbsp;&nbsp;ha deciso di avvalersi di soggetti terzi per il trattamento dei suoi dati personali, per determinate attivit\u00e0. I soggetti terzi che svolgono queste operazioni sono stati adeguatamente selezionati e risultano dotati di esperienza, capacit\u00e0 e affidabilit\u00e0 e offrono idonea garanzia del pieno rispetto delle vigenti disposizioni in materia di trattamento, ivi compreso il profilo della sicurezza dei dati.<br>Tali soggetti terzi sono stati all\u2019uopo nominati \u201cresponsabili del trattamento\u201d e svolgono la loro attivit\u00e0 secondo le istruzioni impartite da e sotto il controllo della titolare. Periodicamente verifichiamo che i responsabili abbiano assolto puntualmente i compiti loro affidati e che continuino a prestare idonee garanzie del pieno rispetto delle disposizioni in materia di protezione dei dati personali.<br>I suoi dati sono poi trattati dai nostri incaricati preposti ai singoli servizi.<\/p>\n\n\n\n<p><\/p>\n\n\n\n<p><\/p>\n\n\n\n<p><\/p>\n\n\n\n<p><\/p>\n","protected":false},"excerpt":{"rendered":"<p>Who we are Our website address is: http:\/\/rcrsolution.com. What personal data we collect and why we collect it Comments When visitors leave comments on the site we collect the data shown in the comments form, and also the visitor\u2019s IP address and browser user agent string to help spam detection. An anonymized string created from&hellip;<\/p>\n","protected":false},"author":1,"featured_media":0,"parent":0,"menu_order":0,"comment_status":"closed","ping_status":"closed","template":"","meta":{"footnotes":""},"class_list":["post-55924","page","type-page","status-publish","hentry","description-off"],"_links":{"self":[{"href":"https:\/\/rcrsolution.com\/index.php\/wp-json\/wp\/v2\/pages\/55924","targetHints":{"allow":["GET"]}}],"collection":[{"href":"https:\/\/rcrsolution.com\/index.php\/wp-json\/wp\/v2\/pages"}],"about":[{"href":"https:\/\/rcrsolution.com\/index.php\/wp-json\/wp\/v2\/types\/page"}],"author":[{"embeddable":true,"href":"https:\/\/rcrsolution.com\/index.php\/wp-json\/wp\/v2\/users\/1"}],"replies":[{"embeddable":true,"href":"https:\/\/rcrsolution.com\/index.php\/wp-json\/wp\/v2\/comments?post=55924"}],"version-history":[{"count":0,"href":"https:\/\/rcrsolution.com\/index.php\/wp-json\/wp\/v2\/pages\/55924\/revisions"}],"wp:attachment":[{"href":"https:\/\/rcrsolution.com\/index.php\/wp-json\/wp\/v2\/media?parent=55924"}],"curies":[{"name":"wp","href":"https:\/\/api.w.org\/{rel}","templated":true}]}}